{"id":2071,"date":"2018-12-04T14:14:27","date_gmt":"2018-12-04T14:14:27","guid":{"rendered":"https:\/\/tanpart.com\/?page_id=2071"},"modified":"2018-12-05T01:15:41","modified_gmt":"2018-12-05T01:15:41","slug":"home-page","status":"publish","type":"page","link":"https:\/\/tanpart.com\/en\/","title":{"rendered":"Home Page"},"content":{"rendered":"<style><\/style><section class=\"\"><div class=\"container\"><div class=\"row\">[vc_column][\/vc_column]<\/div><\/div><\/section><style>.vc_custom_1542323140249{background-color: #b2b2b2 !important;background-position: center !important;background-repeat: no-repeat !important;background-size: cover !important;}<\/style><section class=\"vc_custom_1542323140249\"><div class=\"container\"><div class=\"row\">[vc_column el_class=&#8221;mainSearchBar&#8221; offset=&#8221;vc_col-lg-offset-1 vc_col-lg-10&#8243;][vc_column_text]<div id='ajaxsearchlite1' class=\"wpdreams_asl_container asl_w asl_m asl_m_1\">\r\n<div class=\"probox\">\r\n\r\n    \r\n    <div class='promagnifier'>\r\n                <div class='innericon'>\r\n            <svg version=\"1.1\" xmlns=\"http:\/\/www.w3.org\/2000\/svg\" xmlns:xlink=\"http:\/\/www.w3.org\/1999\/xlink\" x=\"0px\" y=\"0px\" width=\"512px\" height=\"512px\" viewBox=\"0 0 512 512\" enable-background=\"new 0 0 512 512\" xml:space=\"preserve\">\r\n                <path id=\"magnifier-2-icon\" d=\"M460.355,421.59L353.844,315.078c20.041-27.553,31.885-61.437,31.885-98.037\r\n                    C385.729,124.934,310.793,50,218.686,50C126.58,50,51.645,124.934,51.645,217.041c0,92.106,74.936,167.041,167.041,167.041\r\n                    c34.912,0,67.352-10.773,94.184-29.158L419.945,462L460.355,421.59z M100.631,217.041c0-65.096,52.959-118.056,118.055-118.056\r\n                    c65.098,0,118.057,52.959,118.057,118.056c0,65.096-52.959,118.056-118.057,118.056C153.59,335.097,100.631,282.137,100.631,217.041\r\n                    z\"\/>\r\n            <\/svg>\r\n        <\/div>\r\n    <\/div>\r\n\r\n    \r\n    \r\n    <div class='prosettings' style='display:none;' data-opened=0>\r\n                <div class='innericon'>\r\n            <svg version=\"1.1\" xmlns=\"http:\/\/www.w3.org\/2000\/svg\" xmlns:xlink=\"http:\/\/www.w3.org\/1999\/xlink\" x=\"0px\" y=\"0px\" width=\"512px\" height=\"512px\" viewBox=\"0 0 512 512\" enable-background=\"new 0 0 512 512\" xml:space=\"preserve\">\r\n                <polygon id=\"arrow-25-icon\" transform = \"rotate(90 256 256)\" points=\"142.332,104.886 197.48,50 402.5,256 197.48,462 142.332,407.113 292.727,256 \"\/>\r\n            <\/svg>\r\n        <\/div>\r\n    <\/div>\r\n\r\n    \r\n    \r\n    <div class='proinput'>\r\n        <form autocomplete=\"off\" aria-label='Ajax search form'>\r\n            <input aria-label='Search input' type='search' class='orig' name='phrase' placeholder='Marka\/OEM\/Kod ara' value='' autocomplete=\"off\"\/>\r\n            <input aria-label='Autocomplete input, do not use this' type='text' class='autocomplete' name='phrase' value='' autocomplete=\"off\"\/>\r\n            <span class='loading'><\/span>\r\n            <input type='submit' value=\"Start search\" style='width:0; height: 0; visibility: hidden;'>\r\n        <\/form>\r\n    <\/div>\r\n\r\n    \r\n    \r\n    <div class='proloading'>\r\n\r\n        <div class=\"asl_loader\"><div class=\"asl_loader-inner asl_simple-circle\"><\/div><\/div>\r\n\r\n            <\/div>\r\n\r\n            <div class='proclose'>\r\n            <svg version=\"1.1\" xmlns=\"http:\/\/www.w3.org\/2000\/svg\" xmlns:xlink=\"http:\/\/www.w3.org\/1999\/xlink\" x=\"0px\"\r\n                 y=\"0px\"\r\n                 width=\"512px\" height=\"512px\" viewBox=\"0 0 512 512\" enable-background=\"new 0 0 512 512\"\r\n                 xml:space=\"preserve\">\r\n            <polygon id=\"x-mark-icon\"\r\n                     points=\"438.393,374.595 319.757,255.977 438.378,137.348 374.595,73.607 255.995,192.225 137.375,73.622 73.607,137.352 192.246,255.983 73.622,374.625 137.352,438.393 256.002,319.734 374.652,438.378 \"\/>\r\n        <\/svg>\r\n        <\/div>\r\n    \r\n    \r\n<\/div>\r\n<\/div>\r\n\r\n\r\n<div id='ajaxsearchlitesettings1' class=\"searchsettings wpdreams_asl_settings asl_w asl_s asl_s_1\">\r\n    <form name='options' autocomplete='off'>\r\n\r\n        \r\n                <fieldset class=\"asl_sett_scroll\">\r\n            <legend style=\"display: none;\">Generic selectors<\/legend>\r\n            <div class=\"asl_option_inner hiddend\">\r\n                <input type='hidden' name='qtranslate_lang' id='qtranslate_lang'\r\n                       value='0'\/>\r\n            <\/div>\r\n\r\n\t        \t\t        <div class=\"asl_option_inner hiddend\">\r\n\t\t\t        <input type='hidden' name='wpml_lang'\r\n\t\t\t               value='en'\/>\r\n\t\t        <\/div>\r\n\t        \r\n            \r\n            <div class=\"asl_option hiddend\">\r\n                <div class=\"asl_option_inner\">\r\n                    <input type=\"checkbox\" value=\"checked\" id=\"set_exactonly1\"\r\n                           title=\"Exact matches only\"\r\n                           name=\"set_exactonly\"  checked=\"checked\"\/>\r\n                    <label for=\"set_exactonly1\">Exact matches only<\/label>\r\n                <\/div>\r\n                <div class=\"asl_option_label\">\r\n                    Exact matches only                <\/div>\r\n            <\/div>\r\n            <div class=\"asl_option hiddend\">\r\n                <div class=\"asl_option_inner\">\r\n                    <input type=\"checkbox\" value=\"None\" id=\"set_intitle1\"\r\n                           title=\"Search in title\"\r\n                           name=\"set_intitle\"  checked=\"checked\"\/>\r\n                    <label for=\"set_intitle1\">Search in title<\/label>\r\n                <\/div>\r\n                <div class=\"asl_option_label\">\r\n                    Search in title                <\/div>\r\n            <\/div>\r\n            <div class=\"asl_option hiddend\">\r\n                <div class=\"asl_option_inner\">\r\n                    <input type=\"checkbox\" value=\"None\" id=\"set_incontent1\"\r\n                           title=\"Search in content\"\r\n                           name=\"set_incontent\"  checked=\"checked\"\/>\r\n                    <label for=\"set_incontent1\">Search in content<\/label>\r\n                <\/div>\r\n                <div class=\"asl_option_label\">\r\n                    Search in content                <\/div>\r\n            <\/div>\r\n            <div class=\"asl_option_inner hiddend\">\r\n                <input type=\"checkbox\" value=\"None\" id=\"set_inexcerpt1\"\r\n                       title=\"Search in excerpt\"\r\n                       name=\"set_inexcerpt\" \/>\r\n                <label for=\"set_inexcerpt1\">Search in excerpt<\/label>\r\n            <\/div>\r\n\r\n            <div class=\"asl_option hiddend\">\r\n                <div class=\"asl_option_inner\">\r\n                    <input type=\"checkbox\" value=\"None\" id=\"set_inposts1\"\r\n                           title=\"Search in posts\"\r\n                           name=\"set_inposts\"  checked=\"checked\"\/>\r\n                    <label for=\"set_inposts1\">Search in posts<\/label>\r\n                <\/div>\r\n                <div class=\"asl_option_label\">\r\n                    Search in posts                <\/div>\r\n            <\/div>\r\n            <div class=\"asl_option hiddend\">\r\n                <div class=\"asl_option_inner\">\r\n                    <input type=\"checkbox\" value=\"None\" id=\"set_inpages1\"\r\n                           title=\"Search in pages\"\r\n                           name=\"set_inpages\" \/>\r\n                    <label for=\"set_inpages1\">Search in pages<\/label>\r\n                <\/div>\r\n                <div class=\"asl_option_label\">\r\n                    Search in pages                <\/div>\r\n            <\/div>\r\n                    <\/fieldset>\r\n                    <\/form>\r\n<\/div>\r\n\r\n<div id='ajaxsearchliteres1' class='vertical wpdreams_asl_results asl_w asl_r asl_r_1'>\r\n\r\n    \r\n    <div class=\"results\">\r\n\r\n        \r\n            <div class=\"resdrg\">\r\n            <\/div>\r\n\r\n        \r\n    <\/div>\r\n\r\n    \r\n                    <p class='showmore'>\r\n            <a>Daha fazla sonu\u00e7<\/a>\r\n        <\/p>\r\n        \r\n<\/div>\r\n\r\n    <div id=\"asl_hidden_data\">\r\n        <svg style=\"position:absolute\" height=\"0\" width=\"0\">\r\n            <filter id=\"aslblur\">\r\n                <feGaussianBlur in=\"SourceGraphic\" stdDeviation=\"4\"\/>\r\n            <\/filter>\r\n        <\/svg>\r\n        <svg style=\"position:absolute\" height=\"0\" width=\"0\">\r\n            <filter id=\"no_aslblur\"><\/filter>\r\n        <\/svg>\r\n\r\n    <\/div>\r\n\r\n<div class=\"asl_init_data wpdreams_asl_data_ct\" style=\"display:none !important;\" id=\"asl_init_id_1\" data-asldata=\"ew0KICAgICJob21ldXJsIjogImh0dHBzOi8vdGFucGFydC5jb20vZW4vIiwNCiAgICAicmVzdWx0c3R5cGUiOiAidmVydGljYWwiLA0KICAgICJyZXN1bHRzcG9zaXRpb24iOiAiaG92ZXIiLA0KICAgICJpdGVtc2NvdW50IjogNCwNCiAgICAiaW1hZ2V3aWR0aCI6IDcwLA0KICAgICJpbWFnZWhlaWdodCI6IDcwLA0KICAgICJyZXN1bHRpdGVtaGVpZ2h0IjogIjcwcHgiLA0KICAgICJzaG93YXV0aG9yIjogMCwNCiAgICAic2hvd2RhdGUiOiAwLA0KICAgICJzaG93ZGVzY3JpcHRpb24iOiAxLA0KICAgICJjaGFyY291bnQiOiAgNCwNCiAgICAiZGVmYXVsdEltYWdlIjogImh0dHA6Ly8xMDQuMTk4LjE2Ni4yMDkvd3AtY29udGVudC9wbHVnaW5zL2FqYXgtc2VhcmNoLWxpdGUvaW1nL2RlZmF1bHQuanBnIiwNCiAgICAiaGlnaGxpZ2h0IjogMSwNCiAgICAiaGlnaGxpZ2h0d2hvbGV3b3JkcyI6IDAsDQogICAgInNjcm9sbFRvUmVzdWx0cyI6IDEsDQogICAgInJlc3VsdGFyZWFjbGlja2FibGUiOiAxLA0KICAgICJhdXRvY29tcGxldGUiOiB7DQogICAgICAgICJlbmFibGVkIiA6IDAsDQogICAgICAgICJsYW5nIiA6ICJlbiINCiAgICB9LA0KICAgICJ0cmlnZ2Vyb250eXBlIjogMSwNCiAgICAidHJpZ2dlcl9vbl9jbGljayI6IDAsDQogICAgInRyaWdnZXJfb25fZmFjZXRfY2hhbmdlIjogMSwNCiAgICAic2V0dGluZ3NpbWFnZXBvcyI6ICJyaWdodCIsDQogICAgImhyZXN1bHRhbmltYXRpb24iOiAiZngtbm9uZSIsDQogICAgInZyZXN1bHRhbmltYXRpb24iOiAiZngtbm9uZSIsDQogICAgImhyZXN1bHRoaWRlZGVzYyI6ICIxIiwNCiAgICAicHJlc2NvbnRhaW5lcmhlaWdodCI6ICI0MDBweCIsDQogICAgInBzaG93c3VidGl0bGUiOiAiMCIsDQogICAgInBzaG93ZGVzYyI6ICIxIiwNCiAgICAiY2xvc2VPbkRvY0NsaWNrIjogMSwNCiAgICAiaWlmTm9JbWFnZSI6ICJkZXNjcmlwdGlvbiIsDQogICAgImlpUm93cyI6IDIsDQogICAgImlpdGVtc1dpZHRoIjogMjAwLA0KICAgICJpaXRlbXNIZWlnaHQiOiAyMDAsDQogICAgImlpc2hvd092ZXJsYXkiOiAxLA0KICAgICJpaWJsdXJPdmVybGF5IjogMSwNCiAgICAiaWloaWRlQ29udGVudCI6IDEsDQogICAgImlpYW5pbWF0aW9uIjogIjEiLA0KICAgICJhbmFseXRpY3MiOiAwLA0KICAgICJhbmFseXRpY3NTdHJpbmciOiAiIiwNCiAgICAicmVkaXJlY3RvbmNsaWNrIjogMSwNCiAgICAicmVkaXJlY3RDbGlja1RvIjogInJlc3VsdHNfcGFnZSIsDQogICAgInJlZGlyZWN0Q2xpY2tMb2MiOiAic2FtZSIsDQogICAgInJlZGlyZWN0X29uX2VudGVyIjogMSwNCiAgICAicmVkaXJlY3RFbnRlclRvIjogInJlc3VsdHNfcGFnZSIsDQogICAgInJlZGlyZWN0RW50ZXJMb2MiOiAic2FtZSIsDQogICAgInJlZGlyZWN0X3VybCI6ICI\/cz17cGhyYXNlfSIsDQogICAgIm92ZXJyaWRld3BkZWZhdWx0IjogMCwNCiAgICAib3ZlcnJpZGVfbWV0aG9kIjogImdldCINCn0NCg==\"><\/div>\r\n\n<div id=\"wpsi-shortcode\">\n<p class=\"shortcode-example\">\n<\/div>\n[\/vc_column_text][\/vc_column]<\/div><\/div><\/section><style>.vc_custom_1542318061539{margin-top: 70px !important;}<\/style><section class=\"vc_custom_1542318061539\"><div class=\"container\"><div class=\"row\">[vc_column css=&#8221;.vc_custom_1542315482731{padding-bottom: 50px !important;}&#8221;]<div class=\"twelve columns\" data-appear-animation=\"\">\r\n                    <div class=\"heading\">\r\n                        <h1>OUR PRODUCTS<\/h1>\r\n                        <span><\/span>\r\n                    <\/div>\r\n                <\/div>[\/vc_column]<\/div><\/div><\/section><style><\/style><section class=\"\"><div class=\"container\"><div class=\"row\">[vc_column][vc_tta_tabs style=&#8221;modern&#8221; shape=&#8221;square&#8221; spacing=&#8221;2&#8243; alignment=&#8221;center&#8221; active_section=&#8221;1&#8243; el_class=&#8221;homePageGridWrapper&#8221;][vc_tta_section title=&#8221;Audi&#8221; tab_id=&#8221;audi-water-pumps&#8221; el_class=&#8221;homePageGrid&#8221;][vc_masonry_media_grid element_width=&#8221;2&#8243; item=&#8221;2168&#8243; initial_loading_animation=&#8221;none&#8221; grid_id=&#8221;vc_gid:1543972525836-06954846-43d9-6&#8243; include=&#8221;1706,1707,1708,1709,1710,1711,1712,1713&#8243;][\/vc_tta_section][vc_tta_section title=&#8221;Fiat&#8221; tab_id=&#8221;fiat-water-pumps&#8221;][vc_masonry_media_grid element_width=&#8221;2&#8243; item=&#8221;2171&#8243; initial_loading_animation=&#8221;none&#8221; grid_id=&#8221;vc_gid:1543972525837-59c5cf36-0b2a-4&#8243; include=&#8221;1736,1737,1738,1739,1740,1741,1742,1743,1744,1745,1746,1747,1748,1749&#8243;][\/vc_tta_section][vc_tta_section title=&#8221;Dacia&#8221; tab_id=&#8221;dacia-water-pumps&#8221;][vc_masonry_media_grid element_width=&#8221;2&#8243; item=&#8221;2173&#8243; initial_loading_animation=&#8221;none&#8221; grid_id=&#8221;vc_gid:1543972525837-adbf0673-4004-1&#8243; include=&#8221;1763,1762,1761,1760,1759&#8243;][\/vc_tta_section][vc_tta_section title=&#8221;Mazda&#8221; tab_id=&#8221;mazda-water-pumps&#8221;][vc_masonry_media_grid element_width=&#8221;2&#8243; item=&#8221;2174&#8243; initial_loading_animation=&#8221;none&#8221; grid_id=&#8221;vc_gid:1543972525838-898ff638-3cbe-2&#8243; include=&#8221;1766,1767,1768&#8243;][\/vc_tta_section][vc_tta_section title=&#8221;Citroen&#8221; tab_id=&#8221;citroen-water-pumps&#8221; el_class=&#8221;homePageGrid&#8221;][vc_masonry_media_grid element_width=&#8221;2&#8243; item=&#8221;2175&#8243; initial_loading_animation=&#8221;none&#8221; grid_id=&#8221;vc_gid:1543972525838-4fe69dc3-c5fd-2&#8243; include=&#8221;1771,1772,1773,1774,1775,1776,1777,1778,1779,1780,1781,1782,1783&#8243;][\/vc_tta_section][vc_tta_section title=&#8221;Isuzu&#8221; tab_id=&#8221;isuzu-water-pumps&#8221;][vc_masonry_media_grid element_width=&#8221;2&#8243; item=&#8221;2176&#8243; initial_loading_animation=&#8221;none&#8221; grid_id=&#8221;vc_gid:1543972525841-b49d19c6-3e87-2&#8243; include=&#8221;1789,1790,1791&#8243;][\/vc_tta_section][vc_tta_section title=&#8221;Samand&#8221; tab_id=&#8221;samand-water-pumps&#8221;][vc_masonry_media_grid element_width=&#8221;2&#8243; item=&#8221;2178&#8243; initial_loading_animation=&#8221;none&#8221; grid_id=&#8221;vc_gid:1543972525841-3e22987f-ef68-4&#8243; include=&#8221;1808&#8243;][\/vc_tta_section][vc_tta_section title=&#8221;Hyundai&#8221; tab_id=&#8221;hyundai-water-pumps&#8221;][vc_masonry_media_grid element_width=&#8221;2&#8243; item=&#8221;2179&#8243; initial_loading_animation=&#8221;none&#8221; grid_id=&#8221;vc_gid:1543972525841-c1cccae9-4c1e-6&#8243; include=&#8221;1809,1810,1811,1812,1813,1814&#8243;][\/vc_tta_section][vc_tta_section title=&#8221;Ford&#8221; tab_id=&#8221;ford-water-pumps&#8221;][vc_masonry_media_grid element_width=&#8221;2&#8243; item=&#8221;2180&#8243; initial_loading_animation=&#8221;none&#8221; grid_id=&#8221;vc_gid:1543972525844-f696e866-c2d1-8&#8243; include=&#8221;1816,1817,1818&#8243;][\/vc_tta_section][vc_tta_section title=&#8221;Renault&#8221; tab_id=&#8221;renault-water-pumps&#8221;][vc_masonry_media_grid element_width=&#8221;2&#8243; item=&#8221;2181&#8243; initial_loading_animation=&#8221;none&#8221; grid_id=&#8221;vc_gid:1543972525844-09c1358d-e806-1&#8243; include=&#8221;1819,1820,1821,1822,1823,1824,1825,1826,1827,1828,1829,1830,1831,1832,1833&#8243;][\/vc_tta_section][vc_tta_section title=&#8221;Skoda&#8221; tab_id=&#8221;skoda-water-pumps&#8221;][vc_masonry_media_grid element_width=&#8221;2&#8243; item=&#8221;2182&#8243; initial_loading_animation=&#8221;none&#8221; grid_id=&#8221;vc_gid:1543972525844-aa272837-26e4-2&#8243; include=&#8221;1834,1835,1836,1837,1838,1839,1840,1841&#8243;][\/vc_tta_section][vc_tta_section title=&#8221;Kia&#8221; tab_id=&#8221;kia-water-pumps&#8221;][vc_masonry_media_grid element_width=&#8221;2&#8243; item=&#8221;2184&#8243; initial_loading_animation=&#8221;none&#8221; grid_id=&#8221;vc_gid:1543972525844-e95a6081-d08d-7&#8243; include=&#8221;1843,1844,1845,1846&#8243;][\/vc_tta_section][vc_tta_section title=&#8221;Lada&#8221; tab_id=&#8221;lada-water-pumps&#8221;][vc_masonry_media_grid element_width=&#8221;2&#8243; item=&#8221;2185&#8243; initial_loading_animation=&#8221;none&#8221; grid_id=&#8221;vc_gid:1543972525850-20a5f245-16dd-10&#8243; include=&#8221;1847,1848,1849,1850,1851&#8243;][\/vc_tta_section][vc_tta_section title=&#8221;Peugeot&#8221; tab_id=&#8221;peugeot-water-pumps&#8221;][vc_masonry_media_grid element_width=&#8221;2&#8243; item=&#8221;2186&#8243; initial_loading_animation=&#8221;none&#8221; grid_id=&#8221;vc_gid:1543972525850-519a134f-f4f8-8&#8243; include=&#8221;1853,1854,1855,1856,1857,1858,1859,1860,1861,1862,1863,1864,1865,1866&#8243;][\/vc_tta_section][vc_tta_section title=&#8221;Suzuki&#8221; tab_id=&#8221;suzuki-water-pumps&#8221;][vc_masonry_media_grid element_width=&#8221;2&#8243; item=&#8221;2187&#8243; initial_loading_animation=&#8221;none&#8221; grid_id=&#8221;vc_gid:1543972525850-58b53ca5-66df-1&#8243; include=&#8221;1867,1868&#8243;][\/vc_tta_section][vc_tta_section title=&#8221;Seat&#8221; tab_id=&#8221;seat-water-pumps&#8221;][vc_masonry_media_grid element_width=&#8221;2&#8243; item=&#8221;2188&#8243; initial_loading_animation=&#8221;none&#8221; grid_id=&#8221;vc_gid:1543972525851-7b4ecc63-e907-10&#8243; include=&#8221;1869,1870,1871,1872,1873,1874,1875,1876,1877,1878&#8243;][\/vc_tta_section][vc_tta_section title=&#8221;Opel&#8221; tab_id=&#8221;opel-water-pumps&#8221;][vc_masonry_media_grid element_width=&#8221;2&#8243; item=&#8221;2189&#8243; initial_loading_animation=&#8221;none&#8221; grid_id=&#8221;vc_gid:1543972525851-33b524a5-3458-3&#8243; include=&#8221;1879,1880,1881,1882,1883,1884,1885,1886,1887,1888,1889,1890,1891,1892,1893,1894,1895,1896,1897&#8243;][\/vc_tta_section][vc_tta_section title=&#8221;Nissan&#8221; tab_id=&#8221;nissan-water-pumps&#8221;][vc_masonry_media_grid element_width=&#8221;2&#8243; item=&#8221;2190&#8243; initial_loading_animation=&#8221;none&#8221; grid_id=&#8221;vc_gid:1543972525851-b10457c2-c1dd-5&#8243; include=&#8221;1899,1900,1901,1902,1903,1904,1905,1906&#8243;][\/vc_tta_section][vc_tta_section title=&#8221;Mitsubishi&#8221; tab_id=&#8221;mitsubishi-water-pumps&#8221;][vc_masonry_media_grid element_width=&#8221;2&#8243; item=&#8221;2191&#8243; initial_loading_animation=&#8221;none&#8221; grid_id=&#8221;vc_gid:1543972525852-21bd40ab-e3c9-8&#8243; include=&#8221;1907,1908,1909&#8243;][\/vc_tta_section][vc_tta_section title=&#8221;Volkswagen&#8221; tab_id=&#8221;volkswagen-water-pumps&#8221;][vc_masonry_media_grid element_width=&#8221;2&#8243; item=&#8221;2192&#8243; initial_loading_animation=&#8221;none&#8221; grid_id=&#8221;vc_gid:1543972525855-33a568f6-08be-2&#8243; include=&#8221;1910,1911,1912,1913,1914,1915,1916,1917,1918,1919,1920,1921&#8243;][\/vc_tta_section][vc_tta_section title=&#8221;Back Housings&#8221; tab_id=&#8221;back-housings&#8221;][vc_masonry_media_grid element_width=&#8221;2&#8243; item=&#8221;2193&#8243; grid_id=&#8221;vc_gid:1543972525855-f509a406-3061-9&#8243; include=&#8221;1922,1923,1924,1925&#8243;][\/vc_tta_section][\/vc_tta_tabs][\/vc_column][vc_column css=&#8221;.vc_custom_1542318108341{margin-top: 70px !important;}&#8221;]<div class=\"twelve columns\" data-appear-animation=\"\">\r\n                    <div class=\"heading\">\r\n                        <h1>OUR CERTIFICATES<\/h1>\r\n                        <span><\/span>\r\n                    <\/div>\r\n                <\/div>[\/vc_column]<\/div><\/div><\/section><style>.vc_custom_1542319827232{padding-top: 40px !important;}<\/style><section class=\"vc_custom_1542319827232\"><div class=\"container\"><div class=\"row\">[vc_column width=&#8221;1\/3&#8243;][vc_single_image image=&#8221;1581&#8243; img_size=&#8221;medium&#8221; alignment=&#8221;center&#8221; style=&#8221;vc_box_shadow&#8221; onclick=&#8221;link_image&#8221;][\/vc_column][vc_column width=&#8221;1\/3&#8243;][vc_single_image image=&#8221;1583&#8243; img_size=&#8221;medium&#8221; alignment=&#8221;center&#8221; style=&#8221;vc_box_shadow&#8221; onclick=&#8221;link_image&#8221;][\/vc_column][vc_column width=&#8221;1\/3&#8243;][vc_single_image image=&#8221;1997&#8243; img_size=&#8221;medium&#8221; alignment=&#8221;center&#8221; style=&#8221;vc_box_shadow&#8221; onclick=&#8221;link_image&#8221;][\/vc_column]<\/div><\/div><\/section><style><\/style><section class=\"\"><div class=\"container\"><div class=\"row\">[vc_column css=&#8221;.vc_custom_1542840227600{margin-top: 70px !important;}&#8221;]<div class=\"twelve columns\" data-appear-animation=\"\">\r\n                    <div class=\"heading\">\r\n                        <h1>FAIRS<\/h1>\r\n                        <span><\/span>\r\n                    <\/div>\r\n                <\/div>[\/vc_column]<\/div><\/div><\/section><style>.vc_custom_1542319827232{padding-top: 40px !important;}<\/style><section class=\"vc_custom_1542319827232\"><div class=\"container\"><div class=\"row\">[vc_column][vc_media_grid element_width=&#8221;3&#8243; item=&#8221;1614&#8243; grid_id=&#8221;vc_gid:1543972525856-8df606c4-8b24-6&#8243; include=&#8221;1600,1605,1625,1627&#8243;][\/vc_column]<\/div><\/div><\/section><style>.vc_custom_1542318287542{margin-top: 70px !important;}<\/style><section class=\"vc_custom_1542318287542\"><div class=\"container\"><div class=\"row\">[vc_column]<div class=\"twelve columns\" data-appear-animation=\"\">\r\n                    <div class=\"heading\">\r\n                        <h1>CONTACT US<\/h1>\r\n                        <span><\/span>\r\n                    <\/div>\r\n                <\/div>[vc_row_inner][vc_column_inner width=&#8221;1\/3&#8243;][vc_custom_heading text=&#8221;Address&#8221; font_container=&#8221;tag:h4|text_align:left&#8221; use_theme_fonts=&#8221;yes&#8221;][vc_column_text el_class=&#8221;addressText&#8221;]TANPART OTOMOT\u0130V SAN T\u0130C LTD \u015eT\u0130<br \/>\n\u0130.O.S.B Pik D\u00f6k\u00fcmc\u00fcler San. Sit. B 5 Blok No:20<br \/>\nBa\u015fak\u015fehir-\u0130stanbul\/T\u00dcRK\u0130YE<\/p>\n<p>Tel:+90 212 485 87 48<br \/>\nFax: +90 212 485 87 50<br \/>\nE-posta: tanpart@tanpart.com[\/vc_column_text][\/vc_column_inner][vc_column_inner width=&#8221;2\/3&#8243;][vc_custom_heading text=&#8221;Map&#8221; font_container=&#8221;tag:h4|text_align:left&#8221; use_theme_fonts=&#8221;yes&#8221;][vc_gmaps link=&#8221;#E-8_JTNDaWZyYW1lJTIwc3JjJTNEJTIyaHR0cHMlM0ElMkYlMkZ3d3cuZ29vZ2xlLmNvbSUyRm1hcHMlMkZlbWJlZCUzRnBiJTNEJTIxMW0xOCUyMTFtMTIlMjExbTMlMjExZDMwMDcuMDQyMTcxMDQ4OTUzNiUyMTJkMjguNzk2ODM2NjE1NzM3NDgzJTIxM2Q0MS4wODk5MjUyMjIzNDQ2NCUyMTJtMyUyMTFmMCUyMTJmMCUyMTNmMCUyMTNtMiUyMTFpMTAyNCUyMTJpNzY4JTIxNGYxMy4xJTIxM20zJTIxMW0yJTIxMXMweDE0Y2FhZjZmODZmNmM3MDElMjUzQTB4OTk3ODJmNzMxZTJjYTc1OCUyMTJzVGFucGFydCUyQk90b21vdGl2JTIxNWUwJTIxM20yJTIxMXNlbiUyMTJzdHIlMjE0djE1NDIzMTg1ODQ3MjAlMjIlMjB3aWR0aCUzRCUyMjEwMCUyNSUyMiUyMGhlaWdodCUzRCUyMjE0OCUyMiUyMGZyYW1lYm9yZGVyJTNEJTIyMCUyMiUyMHN0eWxlJTNEJTIyYm9yZGVyJTNBMCUyMiUyMGFsbG93ZnVsbHNjcmVlbiUzRSUzQyUyRmlmcmFtZSUzRQ==&#8221;][\/vc_column_inner][\/vc_row_inner][\/vc_column]<\/div><\/div><\/section>\n","protected":false},"excerpt":{"rendered":"[vc_column][\/vc_column].vc_custom_1542323140249{background-color: #b2b2b2 !important;background-position: center !important;background-repeat: no-repeat !important;background-size: cover !important;}[vc_column el_class=\"mainSearchBar\" offset=\"vc_col-lg-offset-1 vc_col-lg-10\"][vc_column_text] Generic selectors Exact matches only Exact matches only Search in title Search in title Search in content Search in content Search in excerpt Search in posts Search in posts Search in pages Search in pages Daha fazla sonu\u00e7 [\/vc_column_text][\/vc_column].vc_custom_1542318061539{margin-top: 70px !important;}[vc_column css=\".vc_custom_1542315482731{padding-bottom: 50px...","protected":false},"author":3,"featured_media":0,"parent":0,"menu_order":0,"comment_status":"open","ping_status":"open","template":"page-home-template.php","meta":{"footnotes":""},"class_list":["post-2071","page","type-page","status-publish","hentry"],"_links":{"self":[{"href":"https:\/\/tanpart.com\/en\/wp-json\/wp\/v2\/pages\/2071","targetHints":{"allow":["GET"]}}],"collection":[{"href":"https:\/\/tanpart.com\/en\/wp-json\/wp\/v2\/pages"}],"about":[{"href":"https:\/\/tanpart.com\/en\/wp-json\/wp\/v2\/types\/page"}],"author":[{"embeddable":true,"href":"https:\/\/tanpart.com\/en\/wp-json\/wp\/v2\/users\/3"}],"replies":[{"embeddable":true,"href":"https:\/\/tanpart.com\/en\/wp-json\/wp\/v2\/comments?post=2071"}],"version-history":[{"count":10,"href":"https:\/\/tanpart.com\/en\/wp-json\/wp\/v2\/pages\/2071\/revisions"}],"predecessor-version":[{"id":2196,"href":"https:\/\/tanpart.com\/en\/wp-json\/wp\/v2\/pages\/2071\/revisions\/2196"}],"wp:attachment":[{"href":"https:\/\/tanpart.com\/en\/wp-json\/wp\/v2\/media?parent=2071"}],"curies":[{"name":"wp","href":"https:\/\/api.w.org\/{rel}","templated":true}]}}