{"id":2053,"date":"2018-12-04T13:52:45","date_gmt":"2018-12-04T13:52:45","guid":{"rendered":"https:\/\/tanpart.com\/?page_id=2053"},"modified":"2018-12-04T13:53:10","modified_gmt":"2018-12-04T13:53:10","slug":"contact","status":"publish","type":"page","link":"https:\/\/tanpart.com\/en\/contact\/","title":{"rendered":"Contact"},"content":{"rendered":"<style>.vc_custom_1543607109994{margin-top: 20px !important;}<\/style><section class=\"vc_custom_1543607109994\"><div class=\"container\"><div class=\"row\">[vc_column]<div class=\"twelve columns\" data-appear-animation=\"\">\r\n                    <div class=\"heading\">\r\n                        <h1>Contact Us<\/h1>\r\n                        <span><\/span>\r\n                    <\/div>\r\n                <\/div>[vc_row_inner][vc_column_inner][vc_custom_heading text=&#8221;Address&#8221; font_container=&#8221;tag:h4|text_align:left&#8221; use_theme_fonts=&#8221;yes&#8221;][vc_column_text]TANPART OTOMOT\u0130V SAN T\u0130C LTD \u015eT\u0130<br \/>\n\u0130.O.S.B Pik D\u00f6k\u00fcmc\u00fcler San. Sit. B 5 Blok No:20<br \/>\nBa\u015fak\u015fehir-\u0130stanbul\/T\u00dcRK\u0130YE<\/p>\n<p>Tel:+90 212 485 87 48<br \/>\nFax: +90 212 485 87 50<br \/>\nE-mail: tanpart@tanpart.com[\/vc_column_text][vc_custom_heading text=&#8221;Map&#8221; font_container=&#8221;tag:h4|text_align:left&#8221; use_theme_fonts=&#8221;yes&#8221;][vc_gmaps link=&#8221;#E-8_JTNDaWZyYW1lJTIwc3JjJTNEJTIyaHR0cHMlM0ElMkYlMkZ3d3cuZ29vZ2xlLmNvbSUyRm1hcHMlMkZlbWJlZCUzRnBiJTNEJTIxMW0xOCUyMTFtMTIlMjExbTMlMjExZDMwMDcuMDQyMTcxMDQ4OTUzNiUyMTJkMjguNzk2ODM2NjE1NzM3NDgzJTIxM2Q0MS4wODk5MjUyMjIzNDQ2NCUyMTJtMyUyMTFmMCUyMTJmMCUyMTNmMCUyMTNtMiUyMTFpMTAyNCUyMTJpNzY4JTIxNGYxMy4xJTIxM20zJTIxMW0yJTIxMXMweDE0Y2FhZjZmODZmNmM3MDElMjUzQTB4OTk3ODJmNzMxZTJjYTc1OCUyMTJzVGFucGFydCUyQk90b21vdGl2JTIxNWUwJTIxM20yJTIxMXNlbiUyMTJzdHIlMjE0djE1NDIzMTg1ODQ3MjAlMjIlMjB3aWR0aCUzRCUyMjEwMCUyNSUyMiUyMGhlaWdodCUzRCUyMjQwMCUyMiUyMGZyYW1lYm9yZGVyJTNEJTIyMCUyMiUyMHN0eWxlJTNEJTIyYm9yZGVyJTNBMCUyMiUyMGFsbG93ZnVsbHNjcmVlbiUzRSUzQyUyRmlmcmFtZSUzRQ==&#8221;][\/vc_column_inner][\/vc_row_inner][\/vc_column]<\/div><\/div><\/section>\n","protected":false},"excerpt":{"rendered":".vc_custom_1543607109994{margin-top: 20px !important;}[vc_column] Contact Us [vc_row_inner][vc_column_inner][vc_custom_heading text=\"Address\" font_container=\"tag:h4|text_align:left\" use_theme_fonts=\"yes\"][vc_column_text]TANPART OTOMOT\u0130V SAN T\u0130C LTD \u015eT\u0130 \u0130.O.S.B Pik D\u00f6k\u00fcmc\u00fcler San. Sit. B 5 Blok No:20 Ba\u015fak\u015fehir-\u0130stanbul\/T\u00dcRK\u0130YE Tel:+90 212 485 87 48 Fax: +90 212 485 87 50 E-mail: tanpart@tanpart.com[\/vc_column_text][vc_custom_heading text=\"Map\" font_container=\"tag:h4|text_align:left\" use_theme_fonts=\"yes\"][vc_gmaps link=\"#E-8_JTNDaWZyYW1lJTIwc3JjJTNEJTIyaHR0cHMlM0ElMkYlMkZ3d3cuZ29vZ2xlLmNvbSUyRm1hcHMlMkZlbWJlZCUzRnBiJTNEJTIxMW0xOCUyMTFtMTIlMjExbTMlMjExZDMwMDcuMDQyMTcxMDQ4OTUzNiUyMTJkMjguNzk2ODM2NjE1NzM3NDgzJTIxM2Q0MS4wODk5MjUyMjIzNDQ2NCUyMTJtMyUyMTFmMCUyMTJmMCUyMTNmMCUyMTNtMiUyMTFpMTAyNCUyMTJpNzY4JTIxNGYxMy4xJTIxM20zJTIxMW0yJTIxMXMweDE0Y2FhZjZmODZmNmM3MDElMjUzQTB4OTk3ODJmNzMxZTJjYTc1OCUyMTJzVGFucGFydCUyQk90b21vdGl2JTIxNWUwJTIxM20yJTIxMXNlbiUyMTJzdHIlMjE0djE1NDIzMTg1ODQ3MjAlMjIlMjB3aWR0aCUzRCUyMjEwMCUyNSUyMiUyMGhlaWdodCUzRCUyMjQwMCUyMiUyMGZyYW1lYm9yZGVyJTNEJTIyMCUyMiUyMHN0eWxlJTNEJTIyYm9yZGVyJTNBMCUyMiUyMGFsbG93ZnVsbHNjcmVlbiUzRSUzQyUyRmlmcmFtZSUzRQ==\"][\/vc_column_inner][\/vc_row_inner][\/vc_column]","protected":false},"author":3,"featured_media":0,"parent":0,"menu_order":0,"comment_status":"open","ping_status":"closed","template":"","meta":{"footnotes":""},"class_list":["post-2053","page","type-page","status-publish","hentry"],"_links":{"self":[{"href":"https:\/\/tanpart.com\/en\/wp-json\/wp\/v2\/pages\/2053","targetHints":{"allow":["GET"]}}],"collection":[{"href":"https:\/\/tanpart.com\/en\/wp-json\/wp\/v2\/pages"}],"about":[{"href":"https:\/\/tanpart.com\/en\/wp-json\/wp\/v2\/types\/page"}],"author":[{"embeddable":true,"href":"https:\/\/tanpart.com\/en\/wp-json\/wp\/v2\/users\/3"}],"replies":[{"embeddable":true,"href":"https:\/\/tanpart.com\/en\/wp-json\/wp\/v2\/comments?post=2053"}],"version-history":[{"count":2,"href":"https:\/\/tanpart.com\/en\/wp-json\/wp\/v2\/pages\/2053\/revisions"}],"predecessor-version":[{"id":2055,"href":"https:\/\/tanpart.com\/en\/wp-json\/wp\/v2\/pages\/2053\/revisions\/2055"}],"wp:attachment":[{"href":"https:\/\/tanpart.com\/en\/wp-json\/wp\/v2\/media?parent=2053"}],"curies":[{"name":"wp","href":"https:\/\/api.w.org\/{rel}","templated":true}]}}